{"id":114,"date":"2025-08-14T15:55:25","date_gmt":"2025-08-14T13:55:25","guid":{"rendered":"https:\/\/heimat.museum-villa-medica.de\/?page_id=114"},"modified":"2025-09-30T19:54:09","modified_gmt":"2025-09-30T17:54:09","slug":"aktivitaeten-im-heimathaus","status":"publish","type":"page","link":"https:\/\/heimat.museum-villa-medica.de\/?page_id=114","title":{"rendered":"Aktivit\u00e4ten im Heimathaus"},"content":{"rendered":"\n<h1 class=\"wp-block-heading alignwide\">Aktivit\u00e4ten im Heimathaus<\/h1>\n\n\n\n<hr class=\"wp-block-separator alignwide has-alpha-channel-opacity\"\/>\n\n\n\n<div class=\"wp-block-group alignwide has-accent-5-background-color has-background has-global-padding is-layout-constrained wp-container-core-group-is-layout-c0c79701 wp-block-group-is-layout-constrained\" style=\"padding-top:var(--wp--preset--spacing--70);padding-bottom:var(--wp--preset--spacing--70)\">\n<div class=\"wp-block-media-text alignwide is-stacked-on-mobile is-style-tw-overlap has-accent-5-background-color has-background\" style=\"grid-template-columns:45% auto\"><figure class=\"wp-block-media-text__media\"><img loading=\"lazy\" decoding=\"async\" width=\"960\" height=\"960\" src=\"https:\/\/heimat.museum-villa-medica.de\/wp-content\/uploads\/2025\/08\/img-7558ab.jpg\" alt=\"Spielkarten zeigen einen m\u00f6glichen Doppelkopfstich\" class=\"wp-image-118 size-full\" srcset=\"https:\/\/heimat.museum-villa-medica.de\/wp-content\/uploads\/2025\/08\/img-7558ab.jpg 960w, https:\/\/heimat.museum-villa-medica.de\/wp-content\/uploads\/2025\/08\/img-7558ab-300x300.jpg 300w, https:\/\/heimat.museum-villa-medica.de\/wp-content\/uploads\/2025\/08\/img-7558ab-150x150.jpg 150w, https:\/\/heimat.museum-villa-medica.de\/wp-content\/uploads\/2025\/08\/img-7558ab-768x768.jpg 768w\" sizes=\"auto, (max-width: 960px) 100vw, 960px\" \/><\/figure><div class=\"wp-block-media-text__content\">\n<h2 class=\"wp-block-heading has-x-large-font-size\">Spielen im Heimathaus<\/h2>\n\n\n\n<p class=\"has-large-font-size\" style=\"margin-top:16px\">Wir laden Sie ein, einen Nachmittag mit Spielen unter Gleichgesinnten zu verbringen. Die Termine und Themen entnehmen Sie bitte dem Programm. <a href=\"http:\/\/heimat.museum-villa-medica.de\/?page_id=67\">Zum Programm<\/a><\/p>\n<\/div><\/div>\n\n\n\n<div class=\"wp-block-media-text alignwide has-media-on-the-right is-stacked-on-mobile is-style-tw-overlap has-accent-5-background-color has-background\" style=\"grid-template-columns:auto 45%\"><div class=\"wp-block-media-text__content\">\n<h2 class=\"wp-block-heading has-x-large-font-size\">Plattdeutsche Nachmittage<\/h2>\n\n\n\n<p class=\"has-large-font-size\" style=\"margin-top:16px\">Wer rastet der rostet, und was f\u00fcr den K\u00f6rper gilt, gilt auch f\u00fcr die Zunge. Darum findet einmal im Monat ein Plattdeutscher Nachmittag statt. In geselliger Atmosph\u00e4re, mit Kaffee, Kuchen und Gitarre h\u00f6ren und sprechen die Teilnehmer Rheder Platt. <br>Termine und Ziele entnehmen Sie bitte dem Programm. <a href=\"http:\/\/heimat.museum-villa-medica.de\/?page_id=67\">Zum Programm<\/a><\/p>\n<\/div><figure class=\"wp-block-media-text__media\"><img loading=\"lazy\" decoding=\"async\" width=\"397\" height=\"397\" src=\"https:\/\/heimat.museum-villa-medica.de\/wp-content\/uploads\/2025\/08\/woerterbuch-ab.jpg\" alt=\"Ausschnitt aus einem Englischem W\u00f6rterbuch\" class=\"wp-image-194 size-full\" srcset=\"https:\/\/heimat.museum-villa-medica.de\/wp-content\/uploads\/2025\/08\/woerterbuch-ab.jpg 397w, https:\/\/heimat.museum-villa-medica.de\/wp-content\/uploads\/2025\/08\/woerterbuch-ab-300x300.jpg 300w, https:\/\/heimat.museum-villa-medica.de\/wp-content\/uploads\/2025\/08\/woerterbuch-ab-150x150.jpg 150w\" sizes=\"auto, (max-width: 397px) 100vw, 397px\" \/><\/figure><\/div>\n\n\n\n<div class=\"wp-block-media-text alignwide is-stacked-on-mobile is-style-tw-overlap has-accent-5-background-color has-background\" style=\"grid-template-columns:45% auto\"><figure class=\"wp-block-media-text__media\"><img loading=\"lazy\" decoding=\"async\" width=\"397\" height=\"397\" src=\"https:\/\/heimat.museum-villa-medica.de\/wp-content\/uploads\/2025\/08\/woerterbuch-ab.jpg\" alt=\"Ausschnitt aus einem Englischem W\u00f6rterbuch\" class=\"wp-image-194 size-medium\" srcset=\"https:\/\/heimat.museum-villa-medica.de\/wp-content\/uploads\/2025\/08\/woerterbuch-ab.jpg 397w, https:\/\/heimat.museum-villa-medica.de\/wp-content\/uploads\/2025\/08\/woerterbuch-ab-300x300.jpg 300w, https:\/\/heimat.museum-villa-medica.de\/wp-content\/uploads\/2025\/08\/woerterbuch-ab-150x150.jpg 150w\" sizes=\"auto, (max-width: 397px) 100vw, 397px\" \/><\/figure><div class=\"wp-block-media-text__content\">\n<h2 class=\"wp-block-heading has-x-large-font-size\">Plattdeutsches abitur<\/h2>\n\n\n\n<p class=\"has-large-font-size\" style=\"margin-top:16px\">Im Winterhalbjahr von Oktober bis M\u00e4rz laden wir Sie ein, an 12 Abenden in motivierender Lernumgebung das Rheder Plattdeutsch zu erlernen. Bei erfolgreich absolvierter Abschlusspr\u00fcfung \u00fcberreichen wir Ihnen gerne eine Ihr pers\u00f6nliches Zertifikat.<br>Bitte informieren Sie sich in unserem Programm und melden Sie sich rechtzeitig an. <a href=\"http:\/\/heimat.museum-villa-medica.de\/?page_id=67\">Zum Programm<\/a><\/p>\n<\/div><\/div>\n\n\n\n<div class=\"wp-block-media-text alignwide has-media-on-the-right is-stacked-on-mobile is-style-tw-overlap has-accent-5-background-color has-background\" style=\"grid-template-columns:auto 45%\"><div class=\"wp-block-media-text__content\">\n<h2 class=\"wp-block-heading has-x-large-font-size\">Totenzettel und Ahnenforschung<\/h2>\n\n\n\n<p class=\"has-large-font-size\" style=\"margin-top:16px\">Im Verein verf\u00fcgen wir \u00fcber eine umfangreiche Sammlung von Totenzetteln aus der Region. Auf Nachfrage k\u00f6nnen Sie diese f\u00fcr Ihre eigene Forschung gerne einsehen. Schreiben Sie uns unter<br>info(at)museum-villa-medica.de<\/p>\n<\/div><figure class=\"wp-block-media-text__media\"><img decoding=\"async\" src=\"https:\/\/heimat.museum-villa-medica.de\/wp-content\/uploads\/2025\/08\/brauchtum-sterbebilder-aka-totenzettel-ab.jpg\" alt=\"Ausschnitt von alten Totenzetteln ohne Namen, Symbolbild\" class=\"wp-image-206 size-full\"\/><\/figure><\/div>\n\n\n\n<div class=\"wp-block-media-text alignwide is-stacked-on-mobile is-style-tw-overlap has-accent-5-background-color has-background\" style=\"grid-template-columns:45% auto\"><figure class=\"wp-block-media-text__media\"><img loading=\"lazy\" decoding=\"async\" width=\"200\" height=\"200\" src=\"https:\/\/heimat.museum-villa-medica.de\/wp-content\/uploads\/2025\/08\/computerproblem-ab-e1756031692760.jpg\" alt=\"Ein \u00e4lteres Paar sitzt ratlos im Wohnzimmer vor einem Computer\" class=\"wp-image-195 size-medium\"\/><\/figure><div class=\"wp-block-media-text__content\">\n<h2 class=\"wp-block-heading has-x-large-font-size\">Probleme mit dem Laptop oder Handy?<\/h2>\n\n\n\n<p class=\"has-large-font-size\" style=\"margin-top:16px\">Wenn der Computer oder das Smartphone nicht mehr tut, was es soll, so k\u00f6nnen Sie in der Familie um Rat zu fragen, oder Sie vereinbaren unter 0151 144 72315 einen Termin mit Herrn J. Tepasse. Pro Beratung erheben wir eine Geb\u00fchr von 8\u20ac<\/p>\n<\/div><\/div>\n<\/div>\n","protected":false},"excerpt":{"rendered":"<p>Aktivit\u00e4ten im Heimathaus Spielen im Heimathaus Wir laden Sie ein, einen Nachmittag mit Spielen unter Gleichgesinnten zu verbringen. Die Termine und Themen entnehmen Sie bitte dem Programm. Zum Programm Plattdeutsche Nachmittage Wer rastet der rostet, und was f\u00fcr den K\u00f6rper gilt, gilt auch f\u00fcr die Zunge. Darum findet einmal im Monat ein Plattdeutscher Nachmittag statt. [&hellip;]<\/p>\n","protected":false},"author":1,"featured_media":0,"parent":0,"menu_order":0,"comment_status":"closed","ping_status":"closed","template":"","meta":{"footnotes":""},"class_list":["post-114","page","type-page","status-publish","hentry"],"_links":{"self":[{"href":"https:\/\/heimat.museum-villa-medica.de\/index.php?rest_route=\/wp\/v2\/pages\/114","targetHints":{"allow":["GET"]}}],"collection":[{"href":"https:\/\/heimat.museum-villa-medica.de\/index.php?rest_route=\/wp\/v2\/pages"}],"about":[{"href":"https:\/\/heimat.museum-villa-medica.de\/index.php?rest_route=\/wp\/v2\/types\/page"}],"author":[{"embeddable":true,"href":"https:\/\/heimat.museum-villa-medica.de\/index.php?rest_route=\/wp\/v2\/users\/1"}],"replies":[{"embeddable":true,"href":"https:\/\/heimat.museum-villa-medica.de\/index.php?rest_route=%2Fwp%2Fv2%2Fcomments&post=114"}],"version-history":[{"count":26,"href":"https:\/\/heimat.museum-villa-medica.de\/index.php?rest_route=\/wp\/v2\/pages\/114\/revisions"}],"predecessor-version":[{"id":324,"href":"https:\/\/heimat.museum-villa-medica.de\/index.php?rest_route=\/wp\/v2\/pages\/114\/revisions\/324"}],"wp:attachment":[{"href":"https:\/\/heimat.museum-villa-medica.de\/index.php?rest_route=%2Fwp%2Fv2%2Fmedia&parent=114"}],"curies":[{"name":"wp","href":"https:\/\/api.w.org\/{rel}","templated":true}]}}