{"id":233,"date":"2025-08-25T18:51:27","date_gmt":"2025-08-25T16:51:27","guid":{"rendered":"https:\/\/heimat.museum-villa-medica.de\/?page_id=233"},"modified":"2025-08-25T19:46:41","modified_gmt":"2025-08-25T17:46:41","slug":"shop_verschiedenes","status":"publish","type":"page","link":"https:\/\/heimat.museum-villa-medica.de\/?page_id=233","title":{"rendered":"Shop_Verschiedenes"},"content":{"rendered":"\n<h2 class=\"wp-block-heading alignwide\">Verschiedenes<\/h2>\n\n\n\n<hr class=\"wp-block-separator alignwide has-alpha-channel-opacity\"\/>\n\n\n\n<p class=\"has-large-font-size\">Die hier aufgef\u00fchrten Publikationen k\u00f6nnen Sie w\u00e4hrend der \u00d6ffnungszeiten im Museum Villa Medica erwerben, oder Sie schreiben und eine Mail an: info(at)museum-villa-medica.de<\/p>\n\n\n\n<div class=\"wp-block-group alignfull has-global-padding is-layout-constrained wp-container-core-group-is-layout-5a30f31b wp-block-group-is-layout-constrained\">\n<div class=\"wp-block-columns alignwide tw-justify-center tw-cols-stack-md-2 is-layout-flex wp-container-core-columns-is-layout-d0b3c9c8 wp-block-columns-is-layout-flex\">\n<div class=\"wp-block-column is-layout-flow wp-block-column-is-layout-flow\">\n<figure class=\"wp-block-image aligncenter size-full is-resized\"><img loading=\"lazy\" decoding=\"async\" width=\"500\" height=\"355\" src=\"https:\/\/heimat.museum-villa-medica.de\/wp-content\/uploads\/2025\/08\/shop-weihnachtskarten-bca170ee-1920w.webp\" alt=\"\" class=\"wp-image-238\" style=\"width:120px\" srcset=\"https:\/\/heimat.museum-villa-medica.de\/wp-content\/uploads\/2025\/08\/shop-weihnachtskarten-bca170ee-1920w.webp 500w, https:\/\/heimat.museum-villa-medica.de\/wp-content\/uploads\/2025\/08\/shop-weihnachtskarten-bca170ee-1920w-300x213.webp 300w\" sizes=\"auto, (max-width: 500px) 100vw, 500px\" \/><\/figure>\n\n\n\n<h3 class=\"wp-block-heading has-text-align-center has-large-font-size\">Weihnachtskarten aus Rhede<\/h3>\n\n\n\n<p class=\"has-text-align-center\">Ansichten der Krippen: &nbsp;St. Gudula, Zur heiligen Familie, St. Pius, Krechting, St. Marien, Vardingholt, Evangelische Kirche\/Paul-Gerhardt-Haus (Foto zeigt 4 Karten)<\/p>\n\n\n\n<p class=\"has-text-align-center\">Einzelne Karte: 0,50 \u20ac<br>Set mit 5 Karten: 2,00 \u20ac<br>Klappkarten: 1,50 \u20ac<\/p>\n<\/div>\n\n\n\n<div class=\"wp-block-column is-layout-flow wp-block-column-is-layout-flow\">\n<figure class=\"wp-block-image aligncenter size-full is-resized\"><img loading=\"lazy\" decoding=\"async\" width=\"284\" height=\"497\" src=\"https:\/\/heimat.museum-villa-medica.de\/wp-content\/uploads\/2025\/08\/shop-374aebf1-5fd6-454c-9486-d41ae1052194-1920w.webp\" alt=\"\" class=\"wp-image-239\" style=\"width:120px\" srcset=\"https:\/\/heimat.museum-villa-medica.de\/wp-content\/uploads\/2025\/08\/shop-374aebf1-5fd6-454c-9486-d41ae1052194-1920w.webp 284w, https:\/\/heimat.museum-villa-medica.de\/wp-content\/uploads\/2025\/08\/shop-374aebf1-5fd6-454c-9486-d41ae1052194-1920w-171x300.webp 171w\" sizes=\"auto, (max-width: 284px) 100vw, 284px\" \/><\/figure>\n\n\n\n<h3 class=\"wp-block-heading has-text-align-center has-large-font-size\">Handtuch<\/h3>\n\n\n\n<p class=\"has-text-align-center\">Handt\u00fccher mit verschiedenen Motiven<\/p>\n\n\n\n<ol class=\"wp-block-list\"><\/ol>\n\n\n\n<p class=\"has-text-align-center\">&#8220;Min Heimatdarp is Rhee&#8221;<\/p>\n\n\n\n<p class=\"has-text-align-center\">&#8220;Rhede meine Stadt&#8221;<\/p>\n\n\n\n<p class=\"has-text-align-center\">Preis pro Handtuch: 9,50 \u20ac<\/p>\n<\/div>\n\n\n\n<div class=\"wp-block-column is-layout-flow wp-block-column-is-layout-flow\">\n<figure class=\"wp-block-image aligncenter size-full is-resized\"><img loading=\"lazy\" decoding=\"async\" width=\"354\" height=\"500\" src=\"https:\/\/heimat.museum-villa-medica.de\/wp-content\/uploads\/2025\/08\/shop-zivilstandsregisteruebergangszeit-1920w.webp\" alt=\"\" class=\"wp-image-248\" style=\"width:120px\" srcset=\"https:\/\/heimat.museum-villa-medica.de\/wp-content\/uploads\/2025\/08\/shop-zivilstandsregisteruebergangszeit-1920w.webp 354w, https:\/\/heimat.museum-villa-medica.de\/wp-content\/uploads\/2025\/08\/shop-zivilstandsregisteruebergangszeit-1920w-212x300.webp 212w\" sizes=\"auto, (max-width: 354px) 100vw, 354px\" \/><\/figure>\n\n\n\n<h3 class=\"wp-block-heading has-text-align-center has-large-font-size\"><strong>Zivilstandsregister der \u00dcbergangsuzeit in Rhede<\/strong><\/h3>\n\n\n\n<p class=\"has-text-align-center\">Teil 2: Geburten 1814, bearbeitet von <br>Magda Hentschel<\/p>\n\n\n\n<p class=\"has-text-align-center\">Teil 3: Trauungen 1813, bearbeitet von <br>Magda Hentschel<\/p>\n\n\n\n<p class=\"has-text-align-center\">Herausgeber: Heimatverein Rhede. <br>Jeder Band: 12,50 \u20ac<\/p>\n<\/div>\n<\/div>\n<\/div>\n\n\n\n<div class=\"wp-block-group alignfull has-global-padding is-layout-constrained wp-container-core-group-is-layout-5a30f31b wp-block-group-is-layout-constrained\">\n<div class=\"wp-block-columns alignwide tw-justify-center tw-cols-stack-md-2 is-layout-flex wp-container-core-columns-is-layout-d0b3c9c8 wp-block-columns-is-layout-flex\">\n<div class=\"wp-block-column is-layout-flow wp-block-column-is-layout-flow\">\n<figure class=\"wp-block-image aligncenter size-full is-resized\"><img loading=\"lazy\" decoding=\"async\" width=\"235\" height=\"500\" src=\"https:\/\/heimat.museum-villa-medica.de\/wp-content\/uploads\/2025\/08\/shop-krautwaldflyer-1920w.webp\" alt=\"\" class=\"wp-image-245\" style=\"width:120px\" srcset=\"https:\/\/heimat.museum-villa-medica.de\/wp-content\/uploads\/2025\/08\/shop-krautwaldflyer-1920w.webp 235w, https:\/\/heimat.museum-villa-medica.de\/wp-content\/uploads\/2025\/08\/shop-krautwaldflyer-1920w-141x300.webp 141w\" sizes=\"auto, (max-width: 235px) 100vw, 235px\" \/><\/figure>\n\n\n\n<h3 class=\"wp-block-heading has-text-align-center has-large-font-size\"><strong>sPUREN DES k\u00dcNSTLERS jOSEPH kRAUTWALD<\/strong><\/h3>\n\n\n\n<ul class=\"wp-block-list\"><\/ul>\n\n\n\n<p class=\"has-text-align-center\">Fahrradkarte auf den Spuren von Joseph Krautwald in und um Rhede\/Bocholt<\/p>\n\n\n\n<p class=\"has-text-align-center\">Herausgeber: Heimatverein Rhede, 2015<\/p>\n\n\n\n<p class=\"has-text-align-center\">Karte: 1,00 \u20ac<\/p>\n<\/div>\n\n\n\n<div class=\"wp-block-column is-layout-flow wp-block-column-is-layout-flow\">\n<figure class=\"wp-block-image aligncenter size-full is-resized\"><img loading=\"lazy\" decoding=\"async\" width=\"352\" height=\"500\" src=\"https:\/\/heimat.museum-villa-medica.de\/wp-content\/uploads\/2025\/08\/shop-grass1i-1920w.webp\" alt=\"\" class=\"wp-image-266\" style=\"width:120px\" srcset=\"https:\/\/heimat.museum-villa-medica.de\/wp-content\/uploads\/2025\/08\/shop-grass1i-1920w.webp 352w, https:\/\/heimat.museum-villa-medica.de\/wp-content\/uploads\/2025\/08\/shop-grass1i-1920w-211x300.webp 211w\" sizes=\"auto, (max-width: 352px) 100vw, 352px\" \/><\/figure>\n\n\n\n<h3 class=\"wp-block-heading has-text-align-center has-large-font-size\"><strong>G\u00fcnter Grass: Grafiken und Skulpturen<\/strong><\/h3>\n\n\n\n<p class=\"has-text-align-center\">Katalog zur Ausstellung: 50 Seiten.<\/p>\n\n\n\n<p class=\"has-text-align-center\">Herausgeber: <br>Medizin- und Apothekenmuseum Rhede<\/p>\n\n\n\n<p class=\"has-text-align-center\">Preis: 3,00 \u20ac<\/p>\n<\/div>\n\n\n\n<div class=\"wp-block-column is-layout-flow wp-block-column-is-layout-flow\">\n<figure class=\"wp-block-image aligncenter size-full is-resized\"><img loading=\"lazy\" decoding=\"async\" width=\"500\" height=\"439\" src=\"https:\/\/heimat.museum-villa-medica.de\/wp-content\/uploads\/2025\/08\/shop-wiedersehen-1920w.webp\" alt=\"\" class=\"wp-image-265\" style=\"width:120px\" srcset=\"https:\/\/heimat.museum-villa-medica.de\/wp-content\/uploads\/2025\/08\/shop-wiedersehen-1920w.webp 500w, https:\/\/heimat.museum-villa-medica.de\/wp-content\/uploads\/2025\/08\/shop-wiedersehen-1920w-300x263.webp 300w\" sizes=\"auto, (max-width: 500px) 100vw, 500px\" \/><\/figure>\n\n\n\n<h3 class=\"wp-block-heading has-text-align-center has-large-font-size\">&#8220;wieder sehen&#8221;<\/h3>\n\n\n\n<p class=\"has-text-align-center\">Arbeiten aus f\u00fcnfzehn Jahren 1981-1996.<\/p>\n\n\n\n<p class=\"has-text-align-center\">Matthias Kunkler<\/p>\n\n\n\n<p class=\"has-text-align-center\">Preis: 10,00 \u20ac<\/p>\n<\/div>\n<\/div>\n<\/div>\n","protected":false},"excerpt":{"rendered":"<p>Verschiedenes Die hier aufgef\u00fchrten Publikationen k\u00f6nnen Sie w\u00e4hrend der \u00d6ffnungszeiten im Museum Villa Medica erwerben, oder Sie schreiben und eine Mail an: info(at)museum-villa-medica.de Weihnachtskarten aus Rhede Ansichten der Krippen: &nbsp;St. Gudula, Zur heiligen Familie, St. Pius, Krechting, St. Marien, Vardingholt, Evangelische Kirche\/Paul-Gerhardt-Haus (Foto zeigt 4 Karten) Einzelne Karte: 0,50 \u20acSet mit 5 Karten: 2,00 \u20acKlappkarten: [&hellip;]<\/p>\n","protected":false},"author":1,"featured_media":0,"parent":0,"menu_order":0,"comment_status":"closed","ping_status":"closed","template":"","meta":{"footnotes":""},"class_list":["post-233","page","type-page","status-publish","hentry"],"_links":{"self":[{"href":"https:\/\/heimat.museum-villa-medica.de\/index.php?rest_route=\/wp\/v2\/pages\/233","targetHints":{"allow":["GET"]}}],"collection":[{"href":"https:\/\/heimat.museum-villa-medica.de\/index.php?rest_route=\/wp\/v2\/pages"}],"about":[{"href":"https:\/\/heimat.museum-villa-medica.de\/index.php?rest_route=\/wp\/v2\/types\/page"}],"author":[{"embeddable":true,"href":"https:\/\/heimat.museum-villa-medica.de\/index.php?rest_route=\/wp\/v2\/users\/1"}],"replies":[{"embeddable":true,"href":"https:\/\/heimat.museum-villa-medica.de\/index.php?rest_route=%2Fwp%2Fv2%2Fcomments&post=233"}],"version-history":[{"count":10,"href":"https:\/\/heimat.museum-villa-medica.de\/index.php?rest_route=\/wp\/v2\/pages\/233\/revisions"}],"predecessor-version":[{"id":300,"href":"https:\/\/heimat.museum-villa-medica.de\/index.php?rest_route=\/wp\/v2\/pages\/233\/revisions\/300"}],"wp:attachment":[{"href":"https:\/\/heimat.museum-villa-medica.de\/index.php?rest_route=%2Fwp%2Fv2%2Fmedia&parent=233"}],"curies":[{"name":"wp","href":"https:\/\/api.w.org\/{rel}","templated":true}]}}